{"id":151,"date":"2015-01-18T22:52:13","date_gmt":"2015-01-18T22:52:13","guid":{"rendered":"http:\/\/scala-catequesis.net\/scala\/?page_id=151"},"modified":"2018-04-10T23:18:18","modified_gmt":"2018-04-10T23:18:18","slug":"documentos-de-la-iglesia-universal","status":"publish","type":"page","link":"http:\/\/scala-catequesis.net\/scala\/enlaces\/documentos-de-la-iglesia-universal\/","title":{"rendered":"Documentos de la Iglesia Universal"},"content":{"rendered":"<p><span style=\"text-decoration: underline;\"><strong>CONCILIO VATICANO II<\/strong><\/span><\/p>\n<p>Compilaci\u00f3n de los documentos del Concilio Vaticano segundo, desarrollado del 11 de octubre de 1962 al 8 de diciembre de 1965, durante el \u00faltimo a\u00f1o del papado de Juan XXIII y los dos primeros del per\u00edodo de Paulo VI, y considerado como un episodio clave en la renovaci\u00f3n espiritual y en la historia de la Iglesia Cat\u00f3lica del siglo XX: <a href=\"http:\/\/scala-catequesis.net\/documents\/conciliovaticanosegundo.zip\" target=\"_blank\" rel=\"noopener\">Todos los documentos un uno.\u00a0<\/a><\/p>\n<p><span style=\"text-decoration: underline;\"><strong>ENC\u00cdCLICAS, EXHORTACIONES APOST\u00d3LICAS<\/strong><\/span><\/p>\n<p>&#8211; Exhortaci\u00f3n Apost\u00f3lica \u00abEl anuncio del Evangelio\u00bb, 8 de diciembre 1975, Pablo VI: <a href=\"http:\/\/scala-catequesis.net\/documents\/EvangliNuntiandi.pdf\" target=\"_blank\" rel=\"noopener\">Evangeli Nuntiandi<\/a><\/p>\n<p>&#8211; Exhortaci\u00f3n Apost\u00f3lica \u00abCatequesis en nuestro tiempo\u00bb, 16 de octubre 1979, Juan Pablo II: <a href=\"http:\/\/scala-catequesis.net\/documents\/CatechesiTradendae.pdf\" target=\"_blank\" rel=\"noopener\">Catechesi Tradendae<\/a><\/p>\n<p>&#8211; Exhortaci\u00f3n Apost\u00f3lica Postsinodal Iglesia en Am\u00e9rica, 22 de enero 1999, Juan Pablo II: <a href=\"http:\/\/scala-catequesis.net\/documents\/IglesiaenAmerica.pdf\" target=\"_blank\" rel=\"noopener\">Iglesia en Am\u00e9rica<\/a><\/p>\n<p>&#8211; Carta Apost\u00f3lica al concluir el gran jubileo del A\u00f1o 2000, Juan Pablo II: <a href=\"http:\/\/scala-catequesis.net\/documents\/carta_apostolica_novo_millenio_inuente\" target=\"_blank\" rel=\"noopener\">Novo Millennio ineunte<\/a><\/p>\n<p>&#8211; Exhortaci\u00f3n Apost\u00f3lica Postsinodal \u00abLa Palabra de Dios en la vida y en la misi\u00f3n de la Iglesia, 30 de setiembre 2010: <a href=\"http:\/\/www.vatican.va\/holy_father\/benedict_xvi\/apost_exhortations\/documents\/hf_ben-xvi_exh_20100930_verbum-domini_sp.html\">Verbum Domini<\/a><\/p>\n<p>&#8211;\u00a0Exhortaci\u00f3n Apost\u00f3lica \u00abLa Alegr\u00eda del Evangelio\u00bb del Papa Francisco: <a href=\"http:\/\/w2.vatican.va\/content\/francesco\/es\/apost_exhortations\/documents\/papa-francesco_esortazione-ap_20131124_evangelii-gaudium.html\">Evangelii Gaudium<\/a><\/p>\n<p>&nbsp;<\/p>\n<p><strong>OTROS<\/strong><\/p>\n<p>&#8211; Ritual de la Iniciaci\u00f3n Cristiana de Adultos , 6 de enero 1972: <a href=\"scala-catequesis.net\/documents\/RICA.pdf\" target=\"_blank\" rel=\"noopener\">RICA<\/a><\/p>\n<p>&#8211; Mensaje del S\u00ednodo de los Obispos, la catequesis en nuestro tiempo con especial atenci\u00f3n a los ni\u00f1os y a los j\u00f3venes, 1977: <a href=\"http:\/\/scala-catequesis.net\/documents\/mensaje_del_snodo_para_la_catequesis_-_1977.pdf\" target=\"_blank\" rel=\"noopener\">Mensaje S\u00ednodo<\/a><\/p>\n<p>&#8211; Directorio General para la Catequesis, 1997: <a href=\"http:\/\/scala-catequesis.net\/documents\/Directoriogeneralparalacatequesis.pdf\" target=\"_blank\" rel=\"noopener\">DGC<\/a><\/p>\n<p>&#8211; Catecismo de la Iglesia Cat\u00f3lica, versi\u00f3n 2009: <a href=\"http:\/\/scala-catequesis.net\/documents\/CatecismodelaIglesiaCat\u00f3lica-\u00faltimaversi\u00f3n27-08-09.pdf\" target=\"_blank\" rel=\"noopener\">CII<\/a><\/p>\n<p>&#8211; <a href=\"http:\/\/scala-catequesis.net\/blogweb\/uploads\/lineamenta.pdf\" target=\"_blank\" rel=\"noopener\">Lineamenta<\/a>: \u00abLa Nueva Evangelizaci\u00f3n para la transmisi\u00f3n de la fe cristiana\u00bb &#8211; XIII Asamblea General Ordinaria (S\u00ednodo)<\/p>\n","protected":false},"excerpt":{"rendered":"<p>CONCILIO VATICANO II Compilaci\u00f3n de los documentos del Concilio Vaticano segundo, desarrollado del 11 de octubre de 1962 al 8 de diciembre de 1965, durante el \u00faltimo a\u00f1o del papado &hellip;<\/p>\n","protected":false},"author":1,"featured_media":0,"parent":158,"menu_order":1,"comment_status":"closed","ping_status":"open","template":"","meta":{"footnotes":""},"class_list":["post-151","page","type-page","status-publish","hentry"],"_links":{"self":[{"href":"http:\/\/scala-catequesis.net\/scala\/wp-json\/wp\/v2\/pages\/151","targetHints":{"allow":["GET"]}}],"collection":[{"href":"http:\/\/scala-catequesis.net\/scala\/wp-json\/wp\/v2\/pages"}],"about":[{"href":"http:\/\/scala-catequesis.net\/scala\/wp-json\/wp\/v2\/types\/page"}],"author":[{"embeddable":true,"href":"http:\/\/scala-catequesis.net\/scala\/wp-json\/wp\/v2\/users\/1"}],"replies":[{"embeddable":true,"href":"http:\/\/scala-catequesis.net\/scala\/wp-json\/wp\/v2\/comments?post=151"}],"version-history":[{"count":5,"href":"http:\/\/scala-catequesis.net\/scala\/wp-json\/wp\/v2\/pages\/151\/revisions"}],"predecessor-version":[{"id":587,"href":"http:\/\/scala-catequesis.net\/scala\/wp-json\/wp\/v2\/pages\/151\/revisions\/587"}],"up":[{"embeddable":true,"href":"http:\/\/scala-catequesis.net\/scala\/wp-json\/wp\/v2\/pages\/158"}],"wp:attachment":[{"href":"http:\/\/scala-catequesis.net\/scala\/wp-json\/wp\/v2\/media?parent=151"}],"curies":[{"name":"wp","href":"https:\/\/api.w.org\/{rel}","templated":true}]}}