{"id":174,"date":"2015-01-20T23:14:25","date_gmt":"2015-01-20T23:14:25","guid":{"rendered":"http:\/\/scala-catequesis.net\/scala\/?page_id=174"},"modified":"2015-04-22T14:32:23","modified_gmt":"2015-04-22T14:32:23","slug":"asamblea-constitutiva-electiva","status":"publish","type":"page","link":"http:\/\/scala-catequesis.net\/scala\/quienes-somos-2\/asamblea-constitutiva-electiva\/","title":{"rendered":"Asamblea Constitutiva (electiva)"},"content":{"rendered":"<p>Ha tenido lugar en Santo Domingo (Rep\u00fablica Dominicana) del 14 al 18 de julio de 1997<\/p>\n<p><span style=\"text-decoration: underline;\"><strong>Tem\u00e1tica<\/strong><\/span>: Aportes diversos a elecci\u00f3n de cada socio participante<\/p>\n<p><span style=\"text-decoration: underline;\"><strong>Publicaci\u00f3n<\/strong><\/span>: Selecci\u00f3n de los temas m\u00e1s acabados, en forma de folleto, para uso interno de los asociados<\/p>\n<p><span style=\"text-decoration: underline;\"><strong>Participantes<\/strong><\/span>: 14<\/p>\n<p>Acta de aprobaci\u00f3n de los Estatutos y designaci\u00f3n del Consejo Directivo<\/p>\n<p><a href=\"http:\/\/scala-catequesis.net\/scala\/wp-content\/uploads\/2015\/01\/1.jpg\"><img loading=\"lazy\" decoding=\"async\" class=\"aligncenter size-full wp-image-214\" src=\"http:\/\/scala-catequesis.net\/scala\/wp-content\/uploads\/2015\/01\/1.jpg\" alt=\"1\" width=\"692\" height=\"868\" srcset=\"http:\/\/scala-catequesis.net\/scala\/wp-content\/uploads\/2015\/01\/1.jpg 692w, http:\/\/scala-catequesis.net\/scala\/wp-content\/uploads\/2015\/01\/1-239x300.jpg 239w\" sizes=\"auto, (max-width: 692px) 100vw, 692px\" \/><\/a><\/p>\n","protected":false},"excerpt":{"rendered":"<p>Ha tenido lugar en Santo Domingo (Rep\u00fablica Dominicana) del 14 al 18 de julio de 1997 Tem\u00e1tica: Aportes diversos a elecci\u00f3n de cada socio participante Publicaci\u00f3n: Selecci\u00f3n de los temas &hellip;<\/p>\n","protected":false},"author":1,"featured_media":0,"parent":206,"menu_order":4,"comment_status":"closed","ping_status":"open","template":"","meta":{"footnotes":""},"class_list":["post-174","page","type-page","status-publish","hentry"],"_links":{"self":[{"href":"http:\/\/scala-catequesis.net\/scala\/wp-json\/wp\/v2\/pages\/174","targetHints":{"allow":["GET"]}}],"collection":[{"href":"http:\/\/scala-catequesis.net\/scala\/wp-json\/wp\/v2\/pages"}],"about":[{"href":"http:\/\/scala-catequesis.net\/scala\/wp-json\/wp\/v2\/types\/page"}],"author":[{"embeddable":true,"href":"http:\/\/scala-catequesis.net\/scala\/wp-json\/wp\/v2\/users\/1"}],"replies":[{"embeddable":true,"href":"http:\/\/scala-catequesis.net\/scala\/wp-json\/wp\/v2\/comments?post=174"}],"version-history":[{"count":4,"href":"http:\/\/scala-catequesis.net\/scala\/wp-json\/wp\/v2\/pages\/174\/revisions"}],"predecessor-version":[{"id":215,"href":"http:\/\/scala-catequesis.net\/scala\/wp-json\/wp\/v2\/pages\/174\/revisions\/215"}],"up":[{"embeddable":true,"href":"http:\/\/scala-catequesis.net\/scala\/wp-json\/wp\/v2\/pages\/206"}],"wp:attachment":[{"href":"http:\/\/scala-catequesis.net\/scala\/wp-json\/wp\/v2\/media?parent=174"}],"curies":[{"name":"wp","href":"https:\/\/api.w.org\/{rel}","templated":true}]}}