{"id":211,"date":"2015-04-22T14:22:27","date_gmt":"2015-04-22T14:22:27","guid":{"rendered":"http:\/\/scala-catequesis.net\/scala\/?page_id=211"},"modified":"2019-03-09T20:13:59","modified_gmt":"2019-03-09T20:13:59","slug":"nuestra-mision","status":"publish","type":"page","link":"http:\/\/scala-catequesis.net\/scala\/quienes-somos-2\/nuestra-mision\/","title":{"rendered":"Misi\u00f3n y Visi\u00f3n"},"content":{"rendered":"<p><strong>MISI\u00d3N<\/strong>:<\/p>\n<p><i>Favorecer la convergencia de personas cualificada en el campo de la catequesis evangelizadora y el libre intercambio de\u00a0investigaciones y experiencias promoviendo la renovaci\u00f3n en esta \u00e1rea pastoral.<\/i><\/p>\n<p><strong>VISI\u00d3N:<\/strong><\/p>\n<p>Acompa\u00f1ar a la Iglesia que peregrina en Am\u00e9rica en la renovaci\u00f3n de los procesos de una catequesis inici\u00e1tica y permanente del disc\u00edpulo misionero<\/p>\n<p><strong>VALORES:<\/strong><\/p>\n<p><em>&#8211; Seguimiento de Jesucristo como disc\u00edpulos misionero<\/em><\/p>\n<p>&#8211;\u00a0<i>Compromiso con la\u00a0humanizaci\u00f3n y la fe de nuestro pueblo<\/i><\/p>\n<p>&#8211;\u00a0<em>Integraci\u00f3n de la riqueza eclesial y socio cultural de cada miembro<\/em><\/p>\n<p><a href=\"http:\/\/scala-catequesis.net\/scala\/wp-content\/uploads\/2015\/01\/LogoColor-FondoBlanco1.jpg\"><img loading=\"lazy\" decoding=\"async\" class=\"aligncenter size-full wp-image-81\" src=\"http:\/\/scala-catequesis.net\/scala\/wp-content\/uploads\/2015\/01\/LogoColor-FondoBlanco1.jpg\" alt=\"LogoColor-FondoBlanco\" width=\"187\" height=\"340\" srcset=\"http:\/\/scala-catequesis.net\/scala\/wp-content\/uploads\/2015\/01\/LogoColor-FondoBlanco1.jpg 187w, http:\/\/scala-catequesis.net\/scala\/wp-content\/uploads\/2015\/01\/LogoColor-FondoBlanco1-165x300.jpg 165w\" sizes=\"auto, (max-width: 187px) 100vw, 187px\" \/><\/a><\/p>\n","protected":false},"excerpt":{"rendered":"<p>MISI\u00d3N: Favorecer la convergencia de personas cualificada en el campo de la catequesis evangelizadora y el libre intercambio de\u00a0investigaciones y experiencias promoviendo la renovaci\u00f3n en esta \u00e1rea pastoral. VISI\u00d3N: Acompa\u00f1ar &hellip;<\/p>\n","protected":false},"author":1,"featured_media":0,"parent":206,"menu_order":2,"comment_status":"closed","ping_status":"open","template":"","meta":{"footnotes":""},"class_list":["post-211","page","type-page","status-publish","hentry"],"_links":{"self":[{"href":"http:\/\/scala-catequesis.net\/scala\/wp-json\/wp\/v2\/pages\/211","targetHints":{"allow":["GET"]}}],"collection":[{"href":"http:\/\/scala-catequesis.net\/scala\/wp-json\/wp\/v2\/pages"}],"about":[{"href":"http:\/\/scala-catequesis.net\/scala\/wp-json\/wp\/v2\/types\/page"}],"author":[{"embeddable":true,"href":"http:\/\/scala-catequesis.net\/scala\/wp-json\/wp\/v2\/users\/1"}],"replies":[{"embeddable":true,"href":"http:\/\/scala-catequesis.net\/scala\/wp-json\/wp\/v2\/comments?post=211"}],"version-history":[{"count":4,"href":"http:\/\/scala-catequesis.net\/scala\/wp-json\/wp\/v2\/pages\/211\/revisions"}],"predecessor-version":[{"id":618,"href":"http:\/\/scala-catequesis.net\/scala\/wp-json\/wp\/v2\/pages\/211\/revisions\/618"}],"up":[{"embeddable":true,"href":"http:\/\/scala-catequesis.net\/scala\/wp-json\/wp\/v2\/pages\/206"}],"wp:attachment":[{"href":"http:\/\/scala-catequesis.net\/scala\/wp-json\/wp\/v2\/media?parent=211"}],"curies":[{"name":"wp","href":"https:\/\/api.w.org\/{rel}","templated":true}]}}