{"id":216,"date":"2015-04-22T14:34:32","date_gmt":"2015-04-22T14:34:32","guid":{"rendered":"http:\/\/scala-catequesis.net\/scala\/?page_id=216"},"modified":"2015-06-01T16:38:09","modified_gmt":"2015-06-01T16:38:09","slug":"junta-directiva","status":"publish","type":"page","link":"http:\/\/scala-catequesis.net\/scala\/quienes-somos-2\/junta-directiva\/","title":{"rendered":"Consejo Directivo"},"content":{"rendered":"<p><strong>Presidente<\/strong>: Mons. Diego Padr\u00f3n\u00a0(Venezuela)<br \/>\n<strong>Vice-presidente<\/strong>:P. Andr\u00e9s Boone, sdb (Uruguay)<br \/>\n<strong>Secretaria<\/strong>:\u00a0Ma. Irene Nesi, fma (Venezuela)<br \/>\n<strong>Tesorero<\/strong>: P. Alejandro L\u00f3pez-Cardinale (EEUU)<br \/>\n<strong>Vocal<\/strong>:\u00a0Hno. Israel Nery, fsc (Brasil)<\/p>\n<p>&nbsp;<\/p>\n<p><a href=\"http:\/\/scala-catequesis.net\/scala\/wp-content\/uploads\/2015\/04\/direct.jpg\"><img loading=\"lazy\" decoding=\"async\" class=\"aligncenter wp-image-348 size-large\" src=\"http:\/\/scala-catequesis.net\/scala\/wp-content\/uploads\/2015\/04\/direct-1024x410.jpg\" alt=\"direct\" width=\"620\" height=\"248\" srcset=\"http:\/\/scala-catequesis.net\/scala\/wp-content\/uploads\/2015\/04\/direct-1024x410.jpg 1024w, http:\/\/scala-catequesis.net\/scala\/wp-content\/uploads\/2015\/04\/direct-300x120.jpg 300w, http:\/\/scala-catequesis.net\/scala\/wp-content\/uploads\/2015\/04\/direct.jpg 2045w\" sizes=\"auto, (max-width: 620px) 100vw, 620px\" \/><\/a><\/p>\n<p>&nbsp;<\/p>\n<p>(de izquierda a la derecha: Hno. Israel Nery, P. Andr\u00e9s Boone, Mons Diego Padr\u00f3n, Hna. Ma. Irene Nesi y P. Alejandro L\u00f3pez-Cardinale)<\/p>\n","protected":false},"excerpt":{"rendered":"<p>Presidente: Mons. Diego Padr\u00f3n\u00a0(Venezuela) Vice-presidente:P. Andr\u00e9s Boone, sdb (Uruguay) Secretaria:\u00a0Ma. Irene Nesi, fma (Venezuela) Tesorero: P. Alejandro L\u00f3pez-Cardinale (EEUU) Vocal:\u00a0Hno. Israel Nery, fsc (Brasil) &nbsp; &nbsp; (de izquierda a la &hellip;<\/p>\n","protected":false},"author":1,"featured_media":0,"parent":206,"menu_order":5,"comment_status":"closed","ping_status":"open","template":"","meta":{"footnotes":""},"class_list":["post-216","page","type-page","status-publish","hentry"],"_links":{"self":[{"href":"http:\/\/scala-catequesis.net\/scala\/wp-json\/wp\/v2\/pages\/216","targetHints":{"allow":["GET"]}}],"collection":[{"href":"http:\/\/scala-catequesis.net\/scala\/wp-json\/wp\/v2\/pages"}],"about":[{"href":"http:\/\/scala-catequesis.net\/scala\/wp-json\/wp\/v2\/types\/page"}],"author":[{"embeddable":true,"href":"http:\/\/scala-catequesis.net\/scala\/wp-json\/wp\/v2\/users\/1"}],"replies":[{"embeddable":true,"href":"http:\/\/scala-catequesis.net\/scala\/wp-json\/wp\/v2\/comments?post=216"}],"version-history":[{"count":6,"href":"http:\/\/scala-catequesis.net\/scala\/wp-json\/wp\/v2\/pages\/216\/revisions"}],"predecessor-version":[{"id":445,"href":"http:\/\/scala-catequesis.net\/scala\/wp-json\/wp\/v2\/pages\/216\/revisions\/445"}],"up":[{"embeddable":true,"href":"http:\/\/scala-catequesis.net\/scala\/wp-json\/wp\/v2\/pages\/206"}],"wp:attachment":[{"href":"http:\/\/scala-catequesis.net\/scala\/wp-json\/wp\/v2\/media?parent=216"}],"curies":[{"name":"wp","href":"https:\/\/api.w.org\/{rel}","templated":true}]}}