{"id":218,"date":"2015-04-22T14:58:53","date_gmt":"2015-04-22T14:58:53","guid":{"rendered":"http:\/\/scala-catequesis.net\/scala\/?page_id=218"},"modified":"2018-04-10T22:48:56","modified_gmt":"2018-04-10T22:48:56","slug":"miembros","status":"publish","type":"page","link":"http:\/\/scala-catequesis.net\/scala\/quienes-somos-2\/miembros\/","title":{"rendered":"Miembros"},"content":{"rendered":"<p><strong>ARGENTINA<\/strong><\/p>\n<p><em>Marcelo Mur\u00faa<\/em>: laico argentino, casado.\u00a0Responsable de la p\u00e1gina web\u00a0buenasnuevas.com<\/p>\n<p><em>Osvaldo C\u00e9sar Napoli<\/em>: presb\u00edtero de la Di\u00f3cesis de Mor\u00f3n, Argentina. P\u00e1rroco. \u00a0Socio cofundador de SCALA en 1997 y durante dos per\u00edodos consecutivos Secretario de la Sociedad.<\/p>\n<p><em>Jos\u00e9 Luis Quijano<\/em>: presb\u00edtero de la Di\u00f3cesis de San Isidro, P\u00e1rroco de la parroquia de la Inmaculada del Tigre.<\/p>\n<p><em>Carlos Tazzioli<\/em>: presb\u00edtero de la Di\u00f3cesis de Concordia, licenciado en Teolog\u00eda con especializaci\u00f3n en Pastoral Juvenil y Catequ\u00e9tica<\/p>\n<p><em>Walter Khury:\u00a0<\/em>presb\u00edtero<\/p>\n<p>&nbsp;<\/p>\n<p><strong>BRASIL<\/strong><\/p>\n<p><em>Luiz Alves de Lima<\/em>: presb\u00edtero religioso salesiano. Doutorado em Teologia Pastoral Catequ\u00e9tica. Palestrante para o clero brasileiro e catequistas sobre a renova\u00e7\u00e3o catequ\u00e9tica. Colaborador em documentos catequ\u00e9ticos oficiais. Formador e professor de estudantes de teologia. Membro fundador de SCALA e seu presidente em duas gest\u00f5es (1998-2003).<\/p>\n<p><em>J\u00e2nison de S\u00e1 Santos<\/em>: presb\u00edtero diocesano. Mestrado em Teologia Pastoral Catequ\u00e9tica pela Universidade Pontif\u00edcia Salesiana de Roma. Membro da comiss\u00e3o de reda\u00e7\u00e3o do Diret\u00f3rio Nacional de Catequese.<\/p>\n<p><em>Israel Jos\u00e9 Nery<\/em>: religioso, irm\u00e3o das Escolas Crist\u00e3s. Educador \u2013 Catequeta. Professor de Catequ\u00e9tica no Curso de Metodologia Catequ\u00e9tica do Instituto Teol\u00f3gico Pio XI, S\u00e3o Paulo.<\/p>\n<p><em>Eug\u00eanio Lambert Adrian Rixen<\/em>: Bispo diocesano de Goi\u00e1s (GO), nascido na B\u00e9lgica.<\/p>\n<p><em>Abimar Moraes:\u00a0<\/em>presb\u00edtero<\/p>\n<p><em>Guillermo Micheletti<\/em>: presb\u00edtero<\/p>\n<p><strong>CHILE<\/strong><\/p>\n<p><em>Javier D\u00edaz Tejo<\/em>: Laico, casado. Psic\u00f3logo Organizacional, Mag\u00edster en Educaci\u00f3n menci\u00f3n Curriculum y Licenciado en Ciencias de la Educaci\u00f3n, menci\u00f3n Catequ\u00e9tica. Autor y coautor de diversos textos de Educaci\u00f3n Religiosa. Presidente de la Sociedad Chilena de Catequetas (2013-2015).<\/p>\n<p><em>Enrique Garc\u00eda Ahumada<\/em>: Hermano de la Salle. Profesor invitado en la Universidad Urbaniana de Roma; en Lumen Vitae y en el Instituto Pastoral de la Adolescencia de Buenos Aires. Doctor en teolog\u00eda por la Pontificia Universidad Bolivariana de Medell\u00edn. Cofundador del Catecheticum de Chile. Fundador del anuario \u201cCatecheticum\u201d. Socio Fundador de SCALA en 1995. Secretario\u00a0de la Sociedad de Catequetas de Chile (SOCHICAT)<\/p>\n<p><em>Loreto Moya<\/em>: Laica, casada. Bachiller en Teolog\u00eda de la Pontificia Universidad Cat\u00f3lica de Chile. Su tesis doctoral es dedicada al lenguaje religioso en Teolog\u00eda Catequ\u00e9tica. Profesora de la Facultad Eclesi\u00e1stica de Teolog\u00eda de la PUCV y participa en el Equipo de Catequesis del Arzobispado de Santiago.<\/p>\n<p><strong>COLOMBIA<\/strong><\/p>\n<p><em>Manuel Jos\u00e9 Jim\u00e9nez<\/em>: presb\u00edtero colombiano de la Arquidi\u00f3cesis de Bogot\u00e1. Doctorado en Pastoral Catequ\u00e9tica por la Pontificia Universidad Salesiana de Roma.<\/p>\n<p><em>Jos\u00e9 Mar\u00eda Siciliani<\/em>:\u00a0Casado. \u00a0Doctor en Teolog\u00eda (Instituto Cat\u00f3lico de Par\u00eds).<br \/>\nDoctor en Filosof\u00eda (Par\u00eds Sorbona IV).\u00a0Profesor e investigador de la Universidad De La Salle Bogot\u00e1. \u00a0Profesor del Doctorado en Humanidades Universidad San Buenaventura de Bogot\u00e1. \u00a0Inter\u00e9s catequ\u00e9tico: la catequesis narrativa.<\/p>\n<p><strong>COSTA RICA<\/strong><\/p>\n<p><em>Alfredo Madrigal<\/em>: presb\u00edtero de la Arquidi\u00f3cesis de San Jos\u00e9. Director del Centro Nacional de Catequesis (CENACAT). Socio fundador de SCALA.<\/p>\n<p><em>Mario Alberto Segura<\/em>:\u00a0Lic. en Catequ\u00e9tica y Evangelizaci\u00f3n por la Pontificia Universidad Salesiana de Roma, Lic. en Teolog\u00eda y Profesor de la Universidad Cat\u00f3lica de Costa Rica. Fiscal del Centro Nacional de Catequesis de Costa Rica.<\/p>\n<p><em>Carolina Lopez<\/em><\/p>\n<p><strong>ECUADOR<\/strong><\/p>\n<p><em>Carmita Coronado<\/em>: Laica casada. \u00a0Magister en Investigaci\u00f3n y Docencia de la Comunicaci\u00f3n; Diplomado en Catequesis ICLA Instituto Catequ\u00edstico Latinoamericano.\u00a0Docente Universidad Polit\u00e9cnica Salesiana Quito.<\/p>\n<p>&nbsp;<\/p>\n<p><strong>ESTADOS UNIDOS<\/strong><\/p>\n<p><em>Hosffman Ospino:<\/em> laico casado. PhD. Profesor de teolog\u00eda pastoral y catequ\u00e9tica en la universidad jesuita Boston College en Boston, Estados Unidos. Maestr\u00eda en teolog\u00eda con especializaci\u00f3n en historia de la Iglesia y un doctorado en Teolog\u00eda y Educaci\u00f3n de Boston College.<\/p>\n<p><em>Alejandro L\u00f3pez-Cardinale:<\/em>\u00a0presb\u00edtero diocesano de la Arquidi\u00f3cesis de Caracas en misi\u00f3n en la Arquidi\u00f3cesis de Newark, New Jersey. Licenciatura en Catequ\u00e9tica en el Instituto Superior de Pastoral Catequ\u00e9tica de Par\u00eds. Estudios de doctorado en teolog\u00eda pr\u00e1ctica en la Universit\u00e9 Laval, Qu\u00e9bec, Canada (tesis en preparaci\u00f3n). Maestr\u00eda en pastoral juvenil en la Universidad Polit\u00e9cnica Salesiana de Quito, Ecuador.<\/p>\n<p><strong>MEXICO<\/strong><\/p>\n<p><em>Mateo Calvillo<\/em>: presb\u00edtero mexicano de Morelia, Michoac\u00e1n. Doctorado en teolog\u00eda por la Universidad de Ciencias y Humanidades de Estrasburgo<\/p>\n<p><em>Hermilio C\u00e1rdenas<\/em>: presb\u00edtero mexicano, de la Arquidi\u00f3cesis de Guadalajara.<\/p>\n<p><em>Eduardo Mercado<\/em>: presb\u00edtero de la Arquidi\u00f3cesis de M\u00e9xico.<\/p>\n<p><strong>PERU<\/strong><\/p>\n<p><em>Eleana Salas<\/em>: Hija de Mar\u00eda Auxiliadora.<\/p>\n<p><b>Puerto Rico<\/b><\/p>\n<p><em>Balbino Ju\u00e1rez<\/em>: Hermano Marista, nacido en El Salvador.<\/p>\n<p><strong>URUGUAY<\/strong><\/p>\n<p><em>Andr\u00e9s Boone Vervust<\/em>: presb\u00edtero religioso salesiano, misionero belga en Uruguay, D.E.S. en Pastoral y Catequesis (Lumen Vitae\/Bruselas \u2013 UCL\/Lovaina la Nueva).<\/p>\n<p><em>Orlando Romero<\/em>: Obispo Em\u00e9rito de Canelones. Estudi\u00f3 Catequ\u00e9tica y Liturgia en el Instituto de Catequesis de Par\u00eds.<\/p>\n<p><em>Fabi\u00e1n Silveyra: <\/em>presb\u00edtero religioso palatino, licenciado<\/p>\n<p><strong>VENEZUELA<\/strong><\/p>\n<p><em>Mar\u00eda Irene Nesi<\/em>: Hija de Mar\u00eda Auxiliadora. Magister en\u00a0Teolog\u00eda Pastoral. \u00a0Colabora en la elaboraci\u00f3n del itinerario de iniciaci\u00f3n cristiana de adultos en y el de los ni\u00f1os\/adolescentes de Venezuela, coordin\u00f3 la elaboraci\u00f3n de los textos para la catequesis en clave catecumenal.<\/p>\n<p><em>Diego Rafael Padr\u00f3n<\/em>: \u00a0Arzobispo de Cuman\u00e1, Venezuela. Biblista. Presidi\u00f3 la comisi\u00f3n de redacci\u00f3n del documento \u00abLa\u00a0 Catequesis \u00abdel Concilio Plenario de Venezuela.<\/p>\n<p><strong>MIEMBROS HONORARIOS<\/strong><\/p>\n<p><em>Monse\u00f1or Ram\u00f3n de la Rosa y Carpio<\/em>, Obispo em\u00e9rito de Santiago de los Caballeros, Rep\u00fablica Dominicana. Fundador de SCALA en 1995.<\/p>\n<p><em>P. Wolfang Gr\u00fcen<\/em>, salesiano, Brasil.<\/p>\n<p><em>Pbro. Javier Lino Castillo<\/em>, Per\u00fa.<\/p>\n<p><em>P. Francisco Van Den Bosch<\/em>,\u00a0de nacionalidad belga, radicado en Argentina. Miembro cofundador y Primer Presidente de SCALA (1995-1997).<\/p>\n<p><em>Hna. Ivana Gastaldelli<\/em>, Hija de San Pablo, italiana radicada en la Rep\u00fablica Dominicana<\/p>\n<p><em>Pbro. Victor Acha<\/em>: Argentina<\/p>\n<p><em>Hna. Beatriz Casiello<\/em>, Hija de Mar\u00eda Auxiliadora, Argentina,<\/p>\n<p><em>Julieta Bola\u00f1os<\/em>, Costa Rica<\/p>\n<p><em>Pedro Dur\u00e1n<\/em>, Bolivia.<\/p>\n","protected":false},"excerpt":{"rendered":"<p>ARGENTINA Marcelo Mur\u00faa: laico argentino, casado.\u00a0Responsable de la p\u00e1gina web\u00a0buenasnuevas.com Osvaldo C\u00e9sar Napoli: presb\u00edtero de la Di\u00f3cesis de Mor\u00f3n, Argentina. P\u00e1rroco. \u00a0Socio cofundador de SCALA en 1997 y durante dos &hellip;<\/p>\n","protected":false},"author":1,"featured_media":0,"parent":206,"menu_order":6,"comment_status":"closed","ping_status":"open","template":"","meta":{"footnotes":""},"class_list":["post-218","page","type-page","status-publish","hentry"],"_links":{"self":[{"href":"http:\/\/scala-catequesis.net\/scala\/wp-json\/wp\/v2\/pages\/218","targetHints":{"allow":["GET"]}}],"collection":[{"href":"http:\/\/scala-catequesis.net\/scala\/wp-json\/wp\/v2\/pages"}],"about":[{"href":"http:\/\/scala-catequesis.net\/scala\/wp-json\/wp\/v2\/types\/page"}],"author":[{"embeddable":true,"href":"http:\/\/scala-catequesis.net\/scala\/wp-json\/wp\/v2\/users\/1"}],"replies":[{"embeddable":true,"href":"http:\/\/scala-catequesis.net\/scala\/wp-json\/wp\/v2\/comments?post=218"}],"version-history":[{"count":15,"href":"http:\/\/scala-catequesis.net\/scala\/wp-json\/wp\/v2\/pages\/218\/revisions"}],"predecessor-version":[{"id":576,"href":"http:\/\/scala-catequesis.net\/scala\/wp-json\/wp\/v2\/pages\/218\/revisions\/576"}],"up":[{"embeddable":true,"href":"http:\/\/scala-catequesis.net\/scala\/wp-json\/wp\/v2\/pages\/206"}],"wp:attachment":[{"href":"http:\/\/scala-catequesis.net\/scala\/wp-json\/wp\/v2\/media?parent=218"}],"curies":[{"name":"wp","href":"https:\/\/api.w.org\/{rel}","templated":true}]}}