{"id":224,"date":"2015-04-22T15:07:09","date_gmt":"2015-04-22T15:07:09","guid":{"rendered":"http:\/\/scala-catequesis.net\/scala\/?page_id=224"},"modified":"2015-04-22T15:07:09","modified_gmt":"2015-04-22T15:07:09","slug":"significado-del-logo","status":"publish","type":"page","link":"http:\/\/scala-catequesis.net\/scala\/quienes-somos-2\/significado-del-logo\/","title":{"rendered":"Significado del logo"},"content":{"rendered":"<p><a href=\"http:\/\/scala-catequesis.net\/scala\/wp-content\/uploads\/2015\/01\/cropped-LogoColor-FondoBlanco1.jpg\"><img loading=\"lazy\" decoding=\"async\" class=\"aligncenter size-full wp-image-78\" src=\"http:\/\/scala-catequesis.net\/scala\/wp-content\/uploads\/2015\/01\/cropped-LogoColor-FondoBlanco1.jpg\" alt=\"cropped-LogoColor-FondoBlanco1.jpg\" width=\"187\" height=\"340\" srcset=\"http:\/\/scala-catequesis.net\/scala\/wp-content\/uploads\/2015\/01\/cropped-LogoColor-FondoBlanco1.jpg 187w, http:\/\/scala-catequesis.net\/scala\/wp-content\/uploads\/2015\/01\/cropped-LogoColor-FondoBlanco1-165x300.jpg 165w\" sizes=\"auto, (max-width: 187px) 100vw, 187px\" \/><\/a><\/p>\n<p><em><strong>Am\u00e9rica Latina<\/strong><\/em> en el globo terr\u00e1queo<\/p>\n<p><em><strong>La cruz de la nueva evangelizaci\u00f3n en A.L<\/strong><\/em>.<\/p>\n<p><em><strong>El Esp\u00edritu<\/strong><\/em> presente en las tareas propias<\/p>\n<p><strong>Un libro abierto<\/strong>: estudio, investigaci\u00f3n<\/p>\n<p>La <em><strong>\u201cgreca escalonada\u201d<\/strong><\/em>, elemento cultural, dise\u00f1o aut\u00f3ctono de la arquitectura precolombina latinoamericana.<br \/>\nHace referencia a la sigla SCALA: escalones o pelda\u00f1os constructivos para el crecimiento en la fe.<\/p>\n<p>(Significado del Logo de SCALA, enviado por Julieta Bola\u00f1os)<\/p>\n","protected":false},"excerpt":{"rendered":"<p>Am\u00e9rica Latina en el globo terr\u00e1queo La cruz de la nueva evangelizaci\u00f3n en A.L. El Esp\u00edritu presente en las tareas propias Un libro abierto: estudio, investigaci\u00f3n La \u201cgreca escalonada\u201d, elemento &hellip;<\/p>\n","protected":false},"author":1,"featured_media":0,"parent":206,"menu_order":8,"comment_status":"closed","ping_status":"open","template":"","meta":{"footnotes":""},"class_list":["post-224","page","type-page","status-publish","hentry"],"_links":{"self":[{"href":"http:\/\/scala-catequesis.net\/scala\/wp-json\/wp\/v2\/pages\/224","targetHints":{"allow":["GET"]}}],"collection":[{"href":"http:\/\/scala-catequesis.net\/scala\/wp-json\/wp\/v2\/pages"}],"about":[{"href":"http:\/\/scala-catequesis.net\/scala\/wp-json\/wp\/v2\/types\/page"}],"author":[{"embeddable":true,"href":"http:\/\/scala-catequesis.net\/scala\/wp-json\/wp\/v2\/users\/1"}],"replies":[{"embeddable":true,"href":"http:\/\/scala-catequesis.net\/scala\/wp-json\/wp\/v2\/comments?post=224"}],"version-history":[{"count":1,"href":"http:\/\/scala-catequesis.net\/scala\/wp-json\/wp\/v2\/pages\/224\/revisions"}],"predecessor-version":[{"id":225,"href":"http:\/\/scala-catequesis.net\/scala\/wp-json\/wp\/v2\/pages\/224\/revisions\/225"}],"up":[{"embeddable":true,"href":"http:\/\/scala-catequesis.net\/scala\/wp-json\/wp\/v2\/pages\/206"}],"wp:attachment":[{"href":"http:\/\/scala-catequesis.net\/scala\/wp-json\/wp\/v2\/media?parent=224"}],"curies":[{"name":"wp","href":"https:\/\/api.w.org\/{rel}","templated":true}]}}