{"id":371,"date":"2015-05-14T19:48:39","date_gmt":"2015-05-14T19:48:39","guid":{"rendered":"http:\/\/scala-catequesis.net\/scala\/?page_id=371"},"modified":"2018-04-11T00:49:16","modified_gmt":"2018-04-11T00:49:16","slug":"vi-jornadas-de-estudio-2015","status":"publish","type":"page","link":"http:\/\/scala-catequesis.net\/scala\/jornadas-de-estudio\/vi-jornadas-de-estudio-2015\/","title":{"rendered":"VI Jornadas de Estudio &#8211; 2015"},"content":{"rendered":"<p>VI\u00a0Jornadas de Estudio:Lima (Peru) \u2013\u00a027 de abril al 1 de mayo<\/p>\n<p>Tema:\u00a0<strong>Iniciaci\u00f3n Cristiana y cambio de \u00e9poca: persona, familia y comunidad<\/strong><\/p>\n<p><a href=\"http:\/\/scala-catequesis.net\/scala\/wp-content\/uploads\/2015\/05\/SCALA-apertura.pdf\" target=\"_blank\" rel=\"noopener\">\u00a0Palabras de apertura<\/a> de parte de la Presidente Hna. Irene Nessi<\/p>\n<p>1. LA INICIACI\u00d3N CRISTIANA ANTE EL CAMBIO DE \u00c9POCA. Transformaci\u00f3n del paradigma sociocultural y antropol\u00f3gico de fondo &#8211; <em>Sim\u00f3n Pedro Arnold, o.s.b.<\/em><\/p>\n<p><center><iframe loading=\"lazy\" src=\"https:\/\/www.youtube.com\/embed\/k1nacPEq0NU\" width=\"420\" height=\"315\" frameborder=\"0\" allowfullscreen=\"allowfullscreen\"><\/iframe><\/center><center><\/center><span style=\"text-decoration: underline;\">Coloquios y talleres:<\/span><\/p>\n<p>a. Los cambios antropol\u00f3gicos que afectan la transmisi\u00f3n de la fe y desaf\u00edan a la Iglesia en su acci\u00f3n iniciativa &#8211; Israel Nery<\/p>\n<p>b. Cambios sociales e Iniciaci\u00f3n cristiana &#8211; Carlos A. Tazzioli<\/p>\n<p>c. Los cambios en lo comunicacional y cultural &#8211; Andr\u00e9s Boone<\/p>\n<p>d. Experiencia de Iniciaci\u00f3n cristiana en M\u00e9xico &#8211; Eduardo Mercado<\/p>\n<p>&nbsp;<\/p>\n<p>2. INICIACI\u00d3N CRISTIANA Y CAMBIOS EN EL CONCEPTO Y VIVENCIA DE LA FAMILIA &#8211;\u00a0<em>Sra. Carmita Coronado<\/em><\/p>\n<p><center><iframe loading=\"lazy\" src=\"https:\/\/www.youtube.com\/embed\/4AWdVvaWJnc\" width=\"420\" height=\"315\" frameborder=\"0\" allowfullscreen=\"allowfullscreen\"><\/iframe><\/center>&nbsp;<\/p>\n<p><span style=\"text-decoration: underline;\">Coloquios y talleres<\/span><\/p>\n<p>a. La importancia de la narraci\u00f3n en la transmisi\u00f3n de la fe en los nuevos entornos familiares &#8211; Jos\u00e9 Mar\u00eda Siciliani<\/p>\n<p>b. Un ni\u00f1o es un ni\u00f1o &#8211; Osvaldo Napoli<\/p>\n<p>&nbsp;<\/p>\n<p>3. INICIACI\u00d3N CRISTIANA Y TRANSFORMACI\u00d3N MISIONERA DE LA IGLESIA\u00a0&#8211;\u00a0Manuel Jos\u00e9 Jim\u00e9nez<\/p>\n<p><center><iframe loading=\"lazy\" src=\"https:\/\/www.youtube.com\/embed\/hdnXs9pH1hs\" width=\"420\" height=\"315\" frameborder=\"0\" allowfullscreen=\"allowfullscreen\"><\/iframe><\/center>&nbsp;<\/p>\n<p><span style=\"text-decoration: underline;\">Coloquios y talleres<\/span><\/p>\n<p>a. Implicaciones diocesanas de la conversi\u00f3n pastoral &#8211; Mons. Orlando Romero<\/p>\n<p>b. Implicaciones parroquiales del cambio de estructura y conversi\u00f3n &#8211; Mario Alberto Segura<\/p>\n<p>c.\u00a0Inicia\u00e7\u00e3o Crist\u00e3: Papel e Problem\u00e1tica dos Movimentos Eclesiais e Grupos Apost\u00f3licos &#8211; Dom Eugenio Rixen<\/p>\n<p>TODO FUE PUBLICADO EN EL CUADERNO 3 de SCALA (Uruguay) &#8211; AGOTADO &#8211; de pr\u00f3xima aparici\u00f3n en Editorial PPC<\/p>\n<p>&nbsp;<\/p>\n<p><a href=\"http:\/\/scala-catequesis.net\/scalafoto\/index.php?\/category\/15\" target=\"_blank\" rel=\"noopener\"><strong>F<\/strong><strong>OTOS<\/strong><\/a><\/p>\n<p>&nbsp;<\/p>\n<p>&nbsp;<\/p>\n","protected":false},"excerpt":{"rendered":"<p>VI\u00a0Jornadas de Estudio:Lima (Peru) \u2013\u00a027 de abril al 1 de mayo Tema:\u00a0Iniciaci\u00f3n Cristiana y cambio de \u00e9poca: persona, familia y comunidad \u00a0Palabras de apertura de parte de la Presidente Hna. &hellip;<\/p>\n","protected":false},"author":1,"featured_media":0,"parent":47,"menu_order":4,"comment_status":"closed","ping_status":"open","template":"","meta":{"footnotes":""},"class_list":["post-371","page","type-page","status-publish","hentry"],"_links":{"self":[{"href":"http:\/\/scala-catequesis.net\/scala\/wp-json\/wp\/v2\/pages\/371","targetHints":{"allow":["GET"]}}],"collection":[{"href":"http:\/\/scala-catequesis.net\/scala\/wp-json\/wp\/v2\/pages"}],"about":[{"href":"http:\/\/scala-catequesis.net\/scala\/wp-json\/wp\/v2\/types\/page"}],"author":[{"embeddable":true,"href":"http:\/\/scala-catequesis.net\/scala\/wp-json\/wp\/v2\/users\/1"}],"replies":[{"embeddable":true,"href":"http:\/\/scala-catequesis.net\/scala\/wp-json\/wp\/v2\/comments?post=371"}],"version-history":[{"count":15,"href":"http:\/\/scala-catequesis.net\/scala\/wp-json\/wp\/v2\/pages\/371\/revisions"}],"predecessor-version":[{"id":602,"href":"http:\/\/scala-catequesis.net\/scala\/wp-json\/wp\/v2\/pages\/371\/revisions\/602"}],"up":[{"embeddable":true,"href":"http:\/\/scala-catequesis.net\/scala\/wp-json\/wp\/v2\/pages\/47"}],"wp:attachment":[{"href":"http:\/\/scala-catequesis.net\/scala\/wp-json\/wp\/v2\/media?parent=371"}],"curies":[{"name":"wp","href":"https:\/\/api.w.org\/{rel}","templated":true}]}}