{"id":47,"date":"2015-01-17T13:47:43","date_gmt":"2015-01-17T13:47:43","guid":{"rendered":"http:\/\/scala-catequesis.net\/scala\/?page_id=47"},"modified":"2015-01-17T13:47:43","modified_gmt":"2015-01-17T13:47:43","slug":"jornadas-de-estudio","status":"publish","type":"page","link":"http:\/\/scala-catequesis.net\/scala\/jornadas-de-estudio\/","title":{"rendered":"Jornadas de Estudio"},"content":{"rendered":"<p><em><strong>I Jornadas de Estudio\u00a0<\/strong><\/em>&#8211;\u00a0Santa B\u00e1rbara de Heredia (Costa Rica), \u00a02006<\/p>\n<p><span style=\"text-decoration: underline;\">Tema<\/span>:\u00a0La catequesis de los adultos &#8211;\u00a0Formaci\u00f3n de los catequistas &#8211;\u00a0Pedagog\u00eda catequ\u00edstica<\/p>\n<p><em><strong>II Jornadas de Estudio &#8211; <\/strong><\/em>Buenos Aires (Argentina), 2007<\/p>\n<p><span style=\"text-decoration: underline;\">Tema<\/span>:\u00a0Estudiar y producir pensamiento sobre La Iniciaci\u00f3n Cristiana en la Formaci\u00f3n de los Catequistas. Espiritualidad e Itinerario, en la l\u00ednea de la III Semana Latinoamericana de Catequesis en Bogot\u00e1, en 2006, y de la V Conferencia General del Episcopado de Am\u00e9rica Latina y del Caribe por realizarse en Aparecida, Brasil, Aparecida a partir del pr\u00f3ximo 13 de mayo de 2007<\/p>\n<p><strong><em>III Jornadas de Estudio<\/em> &#8211; <\/strong>Santiago de Chile (Chile), 2009<\/p>\n<p><span style=\"text-decoration: underline;\">Tema<\/span>:\u00a0La Iniciaci\u00f3n a la Vida Cristiana de inspiraci\u00f3n catecumenal a la luz de Aparecida.<\/p>\n<p><em><strong>IV Jornadas de Estudio\u00a0<\/strong>&#8211; <\/em>Quito (Ecuador), 2011<\/p>\n<p><span style=\"text-decoration: underline;\">Tema<\/span>: Biblia y Catequesis<\/p>\n<p><em><strong>V Jornadas de Estudio\u00a0<\/strong><\/em>&#8211;<\/p>\n<p>&nbsp;<\/p>\n","protected":false},"excerpt":{"rendered":"<p>I Jornadas de Estudio\u00a0&#8211;\u00a0Santa B\u00e1rbara de Heredia (Costa Rica), \u00a02006 Tema:\u00a0La catequesis de los adultos &#8211;\u00a0Formaci\u00f3n de los catequistas &#8211;\u00a0Pedagog\u00eda catequ\u00edstica II Jornadas de Estudio &#8211; Buenos Aires (Argentina), 2007 &hellip;<\/p>\n","protected":false},"author":1,"featured_media":0,"parent":0,"menu_order":4,"comment_status":"open","ping_status":"open","template":"","meta":{"footnotes":""},"class_list":["post-47","page","type-page","status-publish","hentry"],"_links":{"self":[{"href":"http:\/\/scala-catequesis.net\/scala\/wp-json\/wp\/v2\/pages\/47","targetHints":{"allow":["GET"]}}],"collection":[{"href":"http:\/\/scala-catequesis.net\/scala\/wp-json\/wp\/v2\/pages"}],"about":[{"href":"http:\/\/scala-catequesis.net\/scala\/wp-json\/wp\/v2\/types\/page"}],"author":[{"embeddable":true,"href":"http:\/\/scala-catequesis.net\/scala\/wp-json\/wp\/v2\/users\/1"}],"replies":[{"embeddable":true,"href":"http:\/\/scala-catequesis.net\/scala\/wp-json\/wp\/v2\/comments?post=47"}],"version-history":[{"count":2,"href":"http:\/\/scala-catequesis.net\/scala\/wp-json\/wp\/v2\/pages\/47\/revisions"}],"predecessor-version":[{"id":49,"href":"http:\/\/scala-catequesis.net\/scala\/wp-json\/wp\/v2\/pages\/47\/revisions\/49"}],"wp:attachment":[{"href":"http:\/\/scala-catequesis.net\/scala\/wp-json\/wp\/v2\/media?parent=47"}],"curies":[{"name":"wp","href":"https:\/\/api.w.org\/{rel}","templated":true}]}}