{"id":54,"date":"2015-01-17T14:03:03","date_gmt":"2015-01-17T14:03:03","guid":{"rendered":"http:\/\/scala-catequesis.net\/scala\/?page_id=54"},"modified":"2018-04-11T00:40:00","modified_gmt":"2018-04-11T00:40:00","slug":"iii-jornadas-de-estudio-2009","status":"publish","type":"page","link":"http:\/\/scala-catequesis.net\/scala\/jornadas-de-estudio\/iii-jornadas-de-estudio-2009\/","title":{"rendered":"III Jornadas de Estudio &#8211; 2009"},"content":{"rendered":"<div class=\"page\" title=\"Page 1\">\n<div class=\"layoutArea\">\n<div class=\"column\">\n<p><strong>III Jornadas de Estudio<\/strong>: Santiago de Chile &#8211; 30 de abril al 3 de mayo 2009<\/p>\n<p><em>Temas<\/em>:<\/p>\n<p>1. Apuntes para una lectura catequ\u00e9tica de la misi\u00f3n continental, aporte de Balbino Ju\u00e1rez, fms<\/p>\n<div class=\"page\" title=\"Page 2\">\n<div class=\"layoutArea\">\n<div class=\"column\">\n<p>2. Iniciaci\u00f3n cristiana y conversi\u00f3n pastoral, aporte de Luis Alves de Lima, sdb<\/p>\n<p>3. Itinerarios de iniciaci\u00f3n cristiana y catequesis de inspiraci\u00f3n catecumenal: dos proyectos concretaos, aporte de Ma. Irene Nesi, fma<\/p>\n<\/div>\n<\/div>\n<\/div>\n<\/div>\n<\/div>\n<\/div>\n<p><a href=\"http:\/\/scala-catequesis.net\/scala\/wp-content\/uploads\/2015\/01\/2010_09_SCALA_Memoria_III_Jornadas.pdf\" target=\"_blank\" rel=\"noopener\">Memorias III Jornadas<\/a><\/p>\n<p>Los contenidos de las jornadas fueron \u00a0en el 1\u00ba Cuaderno de SCALA (URUGUAY) &#8211; agotado- posible reedici\u00f3n con PPC<\/p>\n<p>&nbsp;<\/p>\n<p><a href=\"http:\/\/scala-catequesis.net\/scalafoto\/index.php?\/category\/1\" target=\"_blank\" rel=\"noopener\"><strong>FOTOS<\/strong><\/a><a href=\"http:\/\/scala-catequesis.net\/scala\/wp-content\/uploads\/2015\/01\/81BV3pXs7dL._SL1500_.jpg\"><img loading=\"lazy\" decoding=\"async\" class=\"aligncenter wp-image-230 size-medium\" src=\"http:\/\/scala-catequesis.net\/scala\/wp-content\/uploads\/2015\/01\/81BV3pXs7dL._SL1500_-218x300.jpg\" alt=\"81BV3pXs7dL._SL1500_\" width=\"218\" height=\"300\" srcset=\"http:\/\/scala-catequesis.net\/scala\/wp-content\/uploads\/2015\/01\/81BV3pXs7dL._SL1500_-218x300.jpg 218w, http:\/\/scala-catequesis.net\/scala\/wp-content\/uploads\/2015\/01\/81BV3pXs7dL._SL1500_-743x1024.jpg 743w, http:\/\/scala-catequesis.net\/scala\/wp-content\/uploads\/2015\/01\/81BV3pXs7dL._SL1500_.jpg 1089w\" sizes=\"auto, (max-width: 218px) 100vw, 218px\" \/><\/a><\/p>\n","protected":false},"excerpt":{"rendered":"<p>III Jornadas de Estudio: Santiago de Chile &#8211; 30 de abril al 3 de mayo 2009 Temas: 1. Apuntes para una lectura catequ\u00e9tica de la misi\u00f3n continental, aporte de Balbino &hellip;<\/p>\n","protected":false},"author":1,"featured_media":0,"parent":47,"menu_order":8,"comment_status":"open","ping_status":"open","template":"","meta":{"footnotes":""},"class_list":["post-54","page","type-page","status-publish","hentry"],"_links":{"self":[{"href":"http:\/\/scala-catequesis.net\/scala\/wp-json\/wp\/v2\/pages\/54","targetHints":{"allow":["GET"]}}],"collection":[{"href":"http:\/\/scala-catequesis.net\/scala\/wp-json\/wp\/v2\/pages"}],"about":[{"href":"http:\/\/scala-catequesis.net\/scala\/wp-json\/wp\/v2\/types\/page"}],"author":[{"embeddable":true,"href":"http:\/\/scala-catequesis.net\/scala\/wp-json\/wp\/v2\/users\/1"}],"replies":[{"embeddable":true,"href":"http:\/\/scala-catequesis.net\/scala\/wp-json\/wp\/v2\/comments?post=54"}],"version-history":[{"count":5,"href":"http:\/\/scala-catequesis.net\/scala\/wp-json\/wp\/v2\/pages\/54\/revisions"}],"predecessor-version":[{"id":595,"href":"http:\/\/scala-catequesis.net\/scala\/wp-json\/wp\/v2\/pages\/54\/revisions\/595"}],"up":[{"embeddable":true,"href":"http:\/\/scala-catequesis.net\/scala\/wp-json\/wp\/v2\/pages\/47"}],"wp:attachment":[{"href":"http:\/\/scala-catequesis.net\/scala\/wp-json\/wp\/v2\/media?parent=54"}],"curies":[{"name":"wp","href":"https:\/\/api.w.org\/{rel}","templated":true}]}}