{"id":582,"date":"2018-04-10T23:15:20","date_gmt":"2018-04-10T23:15:20","guid":{"rendered":"http:\/\/scala-catequesis.net\/scala\/?page_id=582"},"modified":"2018-04-11T00:50:09","modified_gmt":"2018-04-11T00:50:09","slug":"vii-jornada-de-estudio-2017","status":"publish","type":"page","link":"http:\/\/scala-catequesis.net\/scala\/jornadas-de-estudio\/vii-jornada-de-estudio-2017\/","title":{"rendered":"VII Jornadas de Estudio &#8211; 2017"},"content":{"rendered":"<p>Las VII Jornadas de Estudio fueron organizados conjuntamente con Boston College, Boston, EEUU.<\/p>\n<div class=\"page\" title=\"Page 3\">\n<div class=\"layoutArea\">\n<div class=\"column\">\n<p><strong>24 de julio &#8211;\u00a0Catequesis y el DGC<\/strong><\/p>\n<p>Por la ma\u00f1ana: ponencias \u00a0y conversaci\u00f3n: <em>La catequesis en una era secular: aciertos y limitaciones del Directorio General para la Catequesis para responder a los signos de los tiempos veinte a\u00f1os despu\u00e9s<\/em> (M. Jim\u00e9nez)<br \/>\nEcos y plenaria comunitaria<br \/>\n1: <em>Maneras como el Directorio General para la Catequesis\u00a0favorece la pedagog\u00eda de Dios y de Jes\u00fas para integrar la fe y la\u00a0vida<\/em> (T. Groome)<br \/>\n2: <em>Retos para la catequesis en un mundo secularizado<\/em> (J.M.\u00a0Siciliani)<\/p>\n<p>Por la tarde: ponencias y conversaci\u00f3n:<br \/>\n1. <em>Espacios desafiantes para la iniciaci\u00f3n a la vida cristiana en el contexto del DGC\u00a0o Catequizar en un cambio de \u00e9poca: el desaf\u00edo que nos dejan\u00a0quienes se fueron<\/em> (H. Ospino)<br \/>\n2. <em>Una respuesta esperanzadora: itinerarios en clave de proyecto y\u00a0misi\u00f3n<\/em> (A. L\u00f3pez-Cardinale)<br \/>\n3. <em>Medios de comunicaci\u00f3n social: \u00bfrivales o aliados?<\/em> (J.L.Quijano)<\/p>\n<p>En la noche:<br \/>\nConversaci\u00f3n con Greg Epstein, capell\u00e1n humanista de la Universidad de Harvard y director ejecutivo de la comunidad humanista en la misma universidad. Tema: <em>Una Iglesia en di\u00e1logo con el humanismo contempor\u00e1neo.<\/em><br \/>\nTour libre por la Universidad de Harvard. Cena<\/p>\n<p><strong>25 de julio &#8211; Catequesis y Aparecida<\/strong><\/p>\n<\/div>\n<\/div>\n<\/div>\n<div class=\"page\" title=\"Page 4\">\n<div class=\"layoutArea\">\n<div class=\"column\">\n<p>Por la ma\u00f1ana: ponencias y conversaci\u00f3n: <em>Disc\u00edpulos misioneros en el cambio de \u00e9poca a la luz de Aparecida<\/em> (R. Luciani)<\/p>\n<p>Ecos y plenaria comunitaria<\/p>\n<\/div>\n<div class=\"column\">\n<p>1: <em>Retos y luces en la catequesis de Iniciaci\u00f3n a la vida\u00a0cristiana con adultos<\/em> (I. Nesi y A. Herrera)<br \/>\n2: <em>Retos y luces en la catequesis de Iniciaci\u00f3n a la vida\u00a0<\/em><em>cristiana con j\u00f3venes<\/em> (V. Torres y A. Boone)<\/p>\n<p>Por la tarde: Encuentro con la comunidad San Patricio. Una Iglesia en salida hacia las periferias. Viaje a Lawrence, MA.<\/p>\n<p><em>Introducci\u00f3n a la comunidad San Patricio. Acompa\u00f1ando al hermano y la hermana que son pobres y tienen hambre. Catequesis en las periferias<\/em><\/p>\n<ol>\n<li><em>Catequesis de iniciaci\u00f3n a la vida cristiana y los pobres seg\u00fan Aparecida<\/em> (C. Tazzioli)<\/li>\n<li><em>Catequesis de iniciaci\u00f3n a la vida cristiana e inmigrantes<\/em> (P. Murphy)<\/li>\n<li><em>Catequesis de iniciaci\u00f3n a la vida cristiana y la presencia femenina<\/em> (L. Moya y C. De la G\u00e1ndara)<\/li>\n<\/ol>\n<\/div>\n<\/div>\n<div class=\"layoutArea\">\n<div class=\"column\">\n<p><strong>26 de julio \u00a0&#8211; Catequesis y familia\u00a0<\/strong><\/p>\n<\/div>\n<\/div>\n<div class=\"layoutArea\">\n<div class=\"column\"><\/div>\n<div class=\"column\">\n<p>Por la ma\u00f1ana: ponencias y conversaci\u00f3n<\/p>\n<\/div>\n<div class=\"column\">\n<p><em>Familia e iniciaci\u00f3n a la vida cristiana a la luz de la Evangelii Gaudium y Amoris Laetitia<\/em> (D. Tobar y J. D\u00edaz Trejo)<\/p>\n<p>Video-foro y di\u00e1logo: <em>Desaf\u00edos y caminos en la iniciaci\u00f3n a la vida cristiana de la pareja a:<\/em><\/p>\n<p>Reflexi\u00f3n de una familia 1: Una nueva familia<br \/>\nReflexi\u00f3n de una familia 2: Recibir y educar una nueva vida<\/p>\n<p>Reflexi\u00f3n de una familia 3: Las nuevas formas de vida familiar Reflexi\u00f3n de una familia \/\u00a0Ser familia misionera<\/p>\n<p>Por la tarde: ponencias y conversi\u00f3n<br \/>\n<em>Catequizar la familia con palabras y testimonio\u00a0o Aportes de la Pastoral Juvenil Hispana a la catequesis y a la\u00a0<\/em><em>familia<\/em> (M. Hidalgo)<\/p>\n<p><em>El impacto de los movimientos y\/o grupos apost\u00f3licos en la catequesis y la familia<\/em> (C. L\u00f3pez y V. Del Real)<\/p>\n<\/div>\n<\/div>\n<\/div>\n<div class=\"page\" title=\"Page 5\">\n<div class=\"layoutArea\">\n<div class=\"column\">\n<p>De noche:<br \/>\nSalida hacia la parroquia de San Tarcisio en Framingham, MA, una comunidad al servicio de inmigrantes brasile\u00f1os.<\/p>\n<\/div>\n<p><strong>Las actas de las Jornadas ser\u00e1n publicadas en breve por Boston College y por PPC<\/strong><\/p>\n<\/div>\n<p><a href=\"http:\/\/scala-catequesis.net\/scalafoto\/index.php?\/category\/23\" target=\"_blank\" rel=\"noopener\"><strong>FOTOS<\/strong><\/a><\/p>\n<div class=\"layoutArea\"><\/div>\n<\/div>\n","protected":false},"excerpt":{"rendered":"<p>Las VII Jornadas de Estudio fueron organizados conjuntamente con Boston College, Boston, EEUU. 24 de julio &#8211;\u00a0Catequesis y el DGC Por la ma\u00f1ana: ponencias \u00a0y conversaci\u00f3n: La catequesis en una &hellip;<\/p>\n","protected":false},"author":1,"featured_media":0,"parent":47,"menu_order":0,"comment_status":"closed","ping_status":"closed","template":"","meta":{"footnotes":""},"class_list":["post-582","page","type-page","status-publish","hentry"],"_links":{"self":[{"href":"http:\/\/scala-catequesis.net\/scala\/wp-json\/wp\/v2\/pages\/582","targetHints":{"allow":["GET"]}}],"collection":[{"href":"http:\/\/scala-catequesis.net\/scala\/wp-json\/wp\/v2\/pages"}],"about":[{"href":"http:\/\/scala-catequesis.net\/scala\/wp-json\/wp\/v2\/types\/page"}],"author":[{"embeddable":true,"href":"http:\/\/scala-catequesis.net\/scala\/wp-json\/wp\/v2\/users\/1"}],"replies":[{"embeddable":true,"href":"http:\/\/scala-catequesis.net\/scala\/wp-json\/wp\/v2\/comments?post=582"}],"version-history":[{"count":6,"href":"http:\/\/scala-catequesis.net\/scala\/wp-json\/wp\/v2\/pages\/582\/revisions"}],"predecessor-version":[{"id":603,"href":"http:\/\/scala-catequesis.net\/scala\/wp-json\/wp\/v2\/pages\/582\/revisions\/603"}],"up":[{"embeddable":true,"href":"http:\/\/scala-catequesis.net\/scala\/wp-json\/wp\/v2\/pages\/47"}],"wp:attachment":[{"href":"http:\/\/scala-catequesis.net\/scala\/wp-json\/wp\/v2\/media?parent=582"}],"curies":[{"name":"wp","href":"https:\/\/api.w.org\/{rel}","templated":true}]}}